{"id":975,"date":"2022-08-26T14:39:50","date_gmt":"2022-08-26T12:39:50","guid":{"rendered":"http:\/\/zqacump.cluster030.hosting.ovh.net\/?page_id=975"},"modified":"2023-09-29T09:09:55","modified_gmt":"2023-09-29T07:09:55","slug":"mentions-legales","status":"publish","type":"page","link":"https:\/\/lmj-stockage.com\/index.php\/mentions-legales\/","title":{"rendered":"Mentions l\u00e9gales"},"content":{"rendered":"\n<h2 class=\"wp-block-heading\" id=\"editeur\">\u00c9diteur :<\/h2>\n\n\n\n<p>Le site&nbsp; https:\/\/www.lmj-stockage.com&nbsp;est la propri\u00e9t\u00e9 de la soci\u00e9t\u00e9 SCI-LMJ. Il est \u00e9dit\u00e9 par la soci\u00e9t\u00e9 SCI-LMJ immatricul\u00e9e au RCS sous le num\u00e9ro 434 685 079.<\/p>\n\n\n\n<p>SAS au capital de 183\u20ac<\/p>\n\n\n\n<p>Si\u00e8ge social : Lieu-dit \u00ab\u00a0Bonzom\u00a0\u00bb &#8211; 09270 MAZERES <\/p>\n\n\n\n<p>Num\u00e9ro de t\u00e9l\u00e9phone : 05 61 69 03 00<\/p>\n\n\n\n<p>Adresse e-mail : sci-lmj@denjean.fr<\/p>\n\n\n\n<h2 class=\"wp-block-heading\" id=\"editeur\">H\u00e9bergeur du Site :<\/h2>\n\n\n\n<p>Nom de l\u2019h\u00e9bergeur&nbsp;: OVH<\/p>\n\n\n\n<p>Adresse&nbsp;: 2 rue Kellermann \u2013 59100 ROUBAIX<\/p>\n\n\n\n<p>Site web&nbsp;:&nbsp;<a href=\"https:\/\/help.ovhcloud.com\/fr\/\">https:\/\/help.ovhcloud.com\/fr\/<\/a><\/p>\n\n\n\n<p>RCS Lille M\u00e9tropole : 424 761 419 00045<\/p>\n\n\n\n<h2 class=\"wp-block-heading\" id=\"editeur\"><br>Directeur de la publication :<\/h2>\n\n\n\n<p>Thibault DENJEAN<\/p>\n\n\n\n<h2 class=\"wp-block-heading\" id=\"editeur\">Copyright et Propri\u00e9t\u00e9 intellectuelle :<\/h2>\n\n\n\n<p>L\u2019ensemble des \u00e9l\u00e9ments figurant sur notre site sont prot\u00e9g\u00e9s par les dispositions du Code de la Propri\u00e9t\u00e9 Intellectuelle. En cons\u00e9quence, toute reproduction de ceux-ci, totale ou partielle, ou imitation, sans notre accord expr\u00e8s, pr\u00e9alable et \u00e9crit, est interdite.<\/p>\n\n\n\n<p>Il est formellement interdit de collecter et d\u2019utiliser les informations disponibles sur le site \u00e0 des fins commerciales.<\/p>\n\n\n\n<p>Cette interdiction s\u2019\u00e9tend notamment, sans que cette liste ne soit limitative, \u00e0 tout \u00e9l\u00e9ment r\u00e9dactionnel figurant sur le site, \u00e0 la pr\u00e9sentation des \u00e9crans, aux logiciels n\u00e9cessaires \u00e0 l\u2019exploitation, aux logos, images, photos, graphiques, de quelque nature qu\u2019ils soient.<\/p>\n\n\n\n<h2 class=\"wp-block-heading\" id=\"editeur\">Utilisation de cookies&nbsp;:<\/h2>\n\n\n\n<p>Les cookies permettent d\u2019enregistrer les informations (non personnelles) relatives \u00e0 la navigation des utilisateurs sur internet. Ils ont pour objectif l\u2019am\u00e9lioration de l\u2019exp\u00e9rience de navigation des visiteurs ainsi que l\u2019optimisation des statistiques. Ceux-ci ne seront utilis\u00e9s que dans le cadre de votre navigation sur le site lmj-stockage.com<\/p>\n\n\n\n<h2 class=\"wp-block-heading\" id=\"editeur\">Donn\u00e9es personnelles&nbsp;:<\/h2>\n\n\n\n<p>Conform\u00e9ment \u00e0 la loi \u00ab Informatique et Libert\u00e9s \u00bb du 6 janvier 1978, les personnes ayant fourni des informations personnelles ont un droit de regard total sur celles-ci. Pour exercer vos droits d\u2019acc\u00e8s et de modification sur ces donn\u00e9es, envoyez un courrier \u00e9lectronique \u00e0 l\u2019adresse suivante : sci-lmj@denjean.fr<\/p>\n\n\n\n<p>De plus, aucune information personnelle n\u2019est collect\u00e9e \u00e0 l\u2019insu des utilisateurs du site, ni c\u00e9d\u00e9e \u00e0 des tiers, ni utilis\u00e9e \u00e0 des fins personnelles.<\/p>\n","protected":false},"excerpt":{"rendered":"<p>\u00c9diteur : Le site&nbsp; https:\/\/www.lmj-stockage.com&nbsp;est la propri\u00e9t\u00e9 de la soci\u00e9t\u00e9 SCI-LMJ. Il est \u00e9dit\u00e9 par la soci\u00e9t\u00e9 SCI-LMJ immatricul\u00e9e au RCS sous le num\u00e9ro 434 685 079. SAS au capital de 183\u20ac Si\u00e8ge social : Lieu-dit \u00ab\u00a0Bonzom\u00a0\u00bb &#8211; 09270 MAZERES Num\u00e9ro de t\u00e9l\u00e9phone : 05 61 69 03 00 Adresse e-mail : sci-lmj@denjean.fr H\u00e9bergeur du &hellip;<\/p>\n<p class=\"read-more\"> <a class=\"\" href=\"https:\/\/lmj-stockage.com\/index.php\/mentions-legales\/\"> <span class=\"screen-reader-text\">Mentions l\u00e9gales<\/span> Lire la suite\u00a0\u00bb<\/a><\/p>\n","protected":false},"author":1,"featured_media":1079,"parent":0,"menu_order":0,"comment_status":"closed","ping_status":"closed","template":"","meta":{"site-sidebar-layout":"default","site-content-layout":"default","ast-global-header-display":"","ast-main-header-display":"","ast-hfb-above-header-display":"","ast-hfb-below-header-display":"","ast-hfb-mobile-header-display":"","site-post-title":"","ast-breadcrumbs-content":"","ast-featured-img":"","footer-sml-layout":"","theme-transparent-header-meta":"","adv-header-id-meta":"","stick-header-meta":"","header-above-stick-meta":"","header-main-stick-meta":"","header-below-stick-meta":"","footnotes":""},"class_list":["post-975","page","type-page","status-publish","has-post-thumbnail","hentry"],"yoast_head":"<!-- This site is optimized with the Yoast SEO plugin v20.10 - https:\/\/yoast.com\/wordpress\/plugins\/seo\/ -->\n<title>LMJ - Box \u00e0 louer \u00e0 Lespinasse (31)<\/title>\n<meta name=\"description\" content=\"Location de box de stockage s\u00e9curis\u00e9s aux\u00a0particuliers\u00a0et professionnels. Garde-meubles \u00e0 Lespinasse, au Nord de Toulouse, accessible 24h\/24 - 7j\/7.\" \/>\n<meta name=\"robots\" content=\"index, follow, max-snippet:-1, max-image-preview:large, max-video-preview:-1\" \/>\n<link rel=\"canonical\" href=\"https:\/\/lmj-stockage.com\/index.php\/mentions-legales\/\" \/>\n<meta property=\"og:locale\" content=\"fr_FR\" \/>\n<meta property=\"og:type\" content=\"article\" \/>\n<meta property=\"og:title\" content=\"LMJ - Box \u00e0 louer \u00e0 Lespinasse (31)\" \/>\n<meta property=\"og:description\" content=\"Location de box de stockage s\u00e9curis\u00e9s aux\u00a0particuliers\u00a0et professionnels. Garde-meubles \u00e0 Lespinasse, au Nord de Toulouse, accessible 24h\/24 - 7j\/7.\" \/>\n<meta property=\"og:url\" content=\"https:\/\/lmj-stockage.com\/index.php\/mentions-legales\/\" \/>\n<meta property=\"og:site_name\" content=\"LMJ Stockage\" \/>\n<meta property=\"article:modified_time\" content=\"2023-09-29T07:09:55+00:00\" \/>\n<meta property=\"og:image\" content=\"https:\/\/lmj-stockage.com\/wp-content\/uploads\/2023\/09\/1-1024x768.png\" \/>\n\t<meta property=\"og:image:width\" content=\"1024\" \/>\n\t<meta property=\"og:image:height\" content=\"768\" \/>\n\t<meta property=\"og:image:type\" content=\"image\/png\" \/>\n<meta name=\"twitter:card\" content=\"summary_large_image\" \/>\n<meta name=\"twitter:label1\" content=\"Dur\u00e9e de lecture estim\u00e9e\" \/>\n\t<meta name=\"twitter:data1\" content=\"2 minutes\" \/>\n<script type=\"application\/ld+json\" class=\"yoast-schema-graph\">{\"@context\":\"https:\/\/schema.org\",\"@graph\":[{\"@type\":\"WebPage\",\"@id\":\"https:\/\/lmj-stockage.com\/index.php\/mentions-legales\/\",\"url\":\"https:\/\/lmj-stockage.com\/index.php\/mentions-legales\/\",\"name\":\"LMJ - Box \u00e0 louer \u00e0 Lespinasse (31)\",\"isPartOf\":{\"@id\":\"https:\/\/lmj-stockage.com\/#website\"},\"datePublished\":\"2022-08-26T12:39:50+00:00\",\"dateModified\":\"2023-09-29T07:09:55+00:00\",\"description\":\"Location de box de stockage s\u00e9curis\u00e9s aux\u00a0particuliers\u00a0et professionnels. Garde-meubles \u00e0 Lespinasse, au Nord de Toulouse, accessible 24h\/24 - 7j\/7.\",\"breadcrumb\":{\"@id\":\"https:\/\/lmj-stockage.com\/index.php\/mentions-legales\/#breadcrumb\"},\"inLanguage\":\"fr-FR\",\"potentialAction\":[{\"@type\":\"ReadAction\",\"target\":[\"https:\/\/lmj-stockage.com\/index.php\/mentions-legales\/\"]}]},{\"@type\":\"BreadcrumbList\",\"@id\":\"https:\/\/lmj-stockage.com\/index.php\/mentions-legales\/#breadcrumb\",\"itemListElement\":[{\"@type\":\"ListItem\",\"position\":1,\"name\":\"Accueil\",\"item\":\"https:\/\/lmj-stockage.com\/\"},{\"@type\":\"ListItem\",\"position\":2,\"name\":\"Mentions l\u00e9gales\"}]},{\"@type\":\"WebSite\",\"@id\":\"https:\/\/lmj-stockage.com\/#website\",\"url\":\"https:\/\/lmj-stockage.com\/\",\"name\":\"LMJ-Stockage\",\"description\":\"Location de box \u00e0 Lespinasse\",\"publisher\":{\"@id\":\"https:\/\/lmj-stockage.com\/#organization\"},\"alternateName\":\"location box\",\"potentialAction\":[{\"@type\":\"SearchAction\",\"target\":{\"@type\":\"EntryPoint\",\"urlTemplate\":\"https:\/\/lmj-stockage.com\/?s={search_term_string}\"},\"query-input\":\"required name=search_term_string\"}],\"inLanguage\":\"fr-FR\"},{\"@type\":\"Organization\",\"@id\":\"https:\/\/lmj-stockage.com\/#organization\",\"name\":\"LMJ\",\"alternateName\":\"location box 31\",\"url\":\"https:\/\/lmj-stockage.com\/\",\"logo\":{\"@type\":\"ImageObject\",\"inLanguage\":\"fr-FR\",\"@id\":\"https:\/\/lmj-stockage.com\/#\/schema\/logo\/image\/\",\"url\":\"https:\/\/lmj-stockage.com\/wp-content\/uploads\/2022\/09\/cropped-sssss-removebg-preview.png\",\"contentUrl\":\"https:\/\/lmj-stockage.com\/wp-content\/uploads\/2022\/09\/cropped-sssss-removebg-preview.png\",\"width\":716,\"height\":276,\"caption\":\"LMJ\"},\"image\":{\"@id\":\"https:\/\/lmj-stockage.com\/#\/schema\/logo\/image\/\"}}]}<\/script>\n<!-- \/ Yoast SEO plugin. -->","yoast_head_json":{"title":"LMJ - Box \u00e0 louer \u00e0 Lespinasse (31)","description":"Location de box de stockage s\u00e9curis\u00e9s aux\u00a0particuliers\u00a0et professionnels. Garde-meubles \u00e0 Lespinasse, au Nord de Toulouse, accessible 24h\/24 - 7j\/7.","robots":{"index":"index","follow":"follow","max-snippet":"max-snippet:-1","max-image-preview":"max-image-preview:large","max-video-preview":"max-video-preview:-1"},"canonical":"https:\/\/lmj-stockage.com\/index.php\/mentions-legales\/","og_locale":"fr_FR","og_type":"article","og_title":"LMJ - Box \u00e0 louer \u00e0 Lespinasse (31)","og_description":"Location de box de stockage s\u00e9curis\u00e9s aux\u00a0particuliers\u00a0et professionnels. Garde-meubles \u00e0 Lespinasse, au Nord de Toulouse, accessible 24h\/24 - 7j\/7.","og_url":"https:\/\/lmj-stockage.com\/index.php\/mentions-legales\/","og_site_name":"LMJ Stockage","article_modified_time":"2023-09-29T07:09:55+00:00","og_image":[{"width":1024,"height":768,"url":"https:\/\/lmj-stockage.com\/wp-content\/uploads\/2023\/09\/1-1024x768.png","type":"image\/png"}],"twitter_card":"summary_large_image","twitter_misc":{"Dur\u00e9e de lecture estim\u00e9e":"2 minutes"},"schema":{"@context":"https:\/\/schema.org","@graph":[{"@type":"WebPage","@id":"https:\/\/lmj-stockage.com\/index.php\/mentions-legales\/","url":"https:\/\/lmj-stockage.com\/index.php\/mentions-legales\/","name":"LMJ - Box \u00e0 louer \u00e0 Lespinasse (31)","isPartOf":{"@id":"https:\/\/lmj-stockage.com\/#website"},"datePublished":"2022-08-26T12:39:50+00:00","dateModified":"2023-09-29T07:09:55+00:00","description":"Location de box de stockage s\u00e9curis\u00e9s aux\u00a0particuliers\u00a0et professionnels. Garde-meubles \u00e0 Lespinasse, au Nord de Toulouse, accessible 24h\/24 - 7j\/7.","breadcrumb":{"@id":"https:\/\/lmj-stockage.com\/index.php\/mentions-legales\/#breadcrumb"},"inLanguage":"fr-FR","potentialAction":[{"@type":"ReadAction","target":["https:\/\/lmj-stockage.com\/index.php\/mentions-legales\/"]}]},{"@type":"BreadcrumbList","@id":"https:\/\/lmj-stockage.com\/index.php\/mentions-legales\/#breadcrumb","itemListElement":[{"@type":"ListItem","position":1,"name":"Accueil","item":"https:\/\/lmj-stockage.com\/"},{"@type":"ListItem","position":2,"name":"Mentions l\u00e9gales"}]},{"@type":"WebSite","@id":"https:\/\/lmj-stockage.com\/#website","url":"https:\/\/lmj-stockage.com\/","name":"LMJ-Stockage","description":"Location de box \u00e0 Lespinasse","publisher":{"@id":"https:\/\/lmj-stockage.com\/#organization"},"alternateName":"location box","potentialAction":[{"@type":"SearchAction","target":{"@type":"EntryPoint","urlTemplate":"https:\/\/lmj-stockage.com\/?s={search_term_string}"},"query-input":"required name=search_term_string"}],"inLanguage":"fr-FR"},{"@type":"Organization","@id":"https:\/\/lmj-stockage.com\/#organization","name":"LMJ","alternateName":"location box 31","url":"https:\/\/lmj-stockage.com\/","logo":{"@type":"ImageObject","inLanguage":"fr-FR","@id":"https:\/\/lmj-stockage.com\/#\/schema\/logo\/image\/","url":"https:\/\/lmj-stockage.com\/wp-content\/uploads\/2022\/09\/cropped-sssss-removebg-preview.png","contentUrl":"https:\/\/lmj-stockage.com\/wp-content\/uploads\/2022\/09\/cropped-sssss-removebg-preview.png","width":716,"height":276,"caption":"LMJ"},"image":{"@id":"https:\/\/lmj-stockage.com\/#\/schema\/logo\/image\/"}}]}},"_links":{"self":[{"href":"https:\/\/lmj-stockage.com\/index.php\/wp-json\/wp\/v2\/pages\/975","targetHints":{"allow":["GET"]}}],"collection":[{"href":"https:\/\/lmj-stockage.com\/index.php\/wp-json\/wp\/v2\/pages"}],"about":[{"href":"https:\/\/lmj-stockage.com\/index.php\/wp-json\/wp\/v2\/types\/page"}],"author":[{"embeddable":true,"href":"https:\/\/lmj-stockage.com\/index.php\/wp-json\/wp\/v2\/users\/1"}],"replies":[{"embeddable":true,"href":"https:\/\/lmj-stockage.com\/index.php\/wp-json\/wp\/v2\/comments?post=975"}],"version-history":[{"count":7,"href":"https:\/\/lmj-stockage.com\/index.php\/wp-json\/wp\/v2\/pages\/975\/revisions"}],"predecessor-version":[{"id":1063,"href":"https:\/\/lmj-stockage.com\/index.php\/wp-json\/wp\/v2\/pages\/975\/revisions\/1063"}],"wp:featuredmedia":[{"embeddable":true,"href":"https:\/\/lmj-stockage.com\/index.php\/wp-json\/wp\/v2\/media\/1079"}],"wp:attachment":[{"href":"https:\/\/lmj-stockage.com\/index.php\/wp-json\/wp\/v2\/media?parent=975"}],"curies":[{"name":"wp","href":"https:\/\/api.w.org\/{rel}","templated":true}]}}