{"id":523,"date":"2020-10-22T10:13:39","date_gmt":"2020-10-22T10:13:39","guid":{"rendered":"http:\/\/zqacump.cluster030.hosting.ovh.net\/index.php\/home\/"},"modified":"2024-10-10T09:58:41","modified_gmt":"2024-10-10T07:58:41","slug":"lmj-stockage-location-espace-de-stockage","status":"publish","type":"page","link":"https:\/\/lmj-stockage.com\/","title":{"rendered":"LMJ"},"content":{"rendered":"\n<div class=\"wp-block-cover alignfull has-custom-content-position is-position-top-center\" style=\"min-height:845px;aspect-ratio:unset;\"><span aria-hidden=\"true\" class=\"wp-block-cover__background has-background-dim-0 has-background-dim\"><\/span><img decoding=\"async\" class=\"wp-block-cover__image-background wp-image-29\" alt=\"\" src=\"https:\/\/lmj-stockage.com\/wp-content\/uploads\/2020\/10\/online-programming-course-hero-section-bg.svg\" style=\"object-position:100% 100%\" data-object-fit=\"cover\" data-object-position=\"100% 100%\"\/><div class=\"wp-block-cover__inner-container is-layout-flow wp-block-cover-is-layout-flow\">\n<div style=\"height:53px\" aria-hidden=\"true\" class=\"wp-block-spacer\"><\/div>\n\n\n\n<div style=\"height:18px\" aria-hidden=\"true\" class=\"wp-block-spacer\"><\/div>\n\n\n\n<div class=\"wp-block-columns are-vertically-aligned-center is-layout-flex wp-container-core-columns-is-layout-28f84493 wp-block-columns-is-layout-flex\">\n<div class=\"wp-block-column is-vertically-aligned-center is-layout-flow wp-block-column-is-layout-flow\">\n<h1 class=\"wp-block-heading has-text-align-center has-ast-global-color-5-color has-text-color\">Location d&rsquo;espaces de stockage<\/h1>\n\n\n\n<p class=\"has-text-align-center has-ast-global-color-5-color has-text-color has-medium-font-size\">\u00c0 Lespinasse &#8211; Haute Garonne<br>4 rue de l&rsquo;Europe, 31150 Lespinasse<br><strong>06 74 56 78 78<\/strong><\/p>\n\n\n\n<p class=\"has-text-align-center has-ast-global-color-5-color has-text-color has-large-font-size\"><strong>216 \u20ac  TTC\/mois<\/strong><\/p>\n\n\n\n<div class=\"wp-block-buttons is-content-justification-center is-layout-flex wp-container-core-buttons-is-layout-23a043ba wp-block-buttons-is-layout-flex\">\n<div class=\"wp-block-button has-custom-width wp-block-button__width-50 is-style-fill\"><a class=\"wp-block-button__link has-luminous-vivid-orange-to-vivid-red-gradient-background has-background wp-element-button\" href=\"https:\/\/lmj-stockage.com\/index.php\/contact\/\" style=\"border-radius:46px\" rel=\"#\">DEMANDER UN DEVIS<\/a><\/div>\n<\/div>\n<\/div>\n\n\n\n<div class=\"wp-block-column is-vertically-aligned-center is-layout-flow wp-block-column-is-layout-flow\">\n<div style=\"height:0px\" aria-hidden=\"true\" class=\"wp-block-spacer\"><\/div>\n\n\n\n<figure class=\"wp-block-gallery has-nested-images columns-default is-cropped wp-block-gallery-1 is-layout-flex wp-block-gallery-is-layout-flex\">\n<figure class=\"wp-block-image size-large\"><img loading=\"lazy\" decoding=\"async\" width=\"1024\" height=\"768\" data-id=\"1079\" src=\"https:\/\/lmj-stockage.com\/wp-content\/uploads\/2023\/09\/1-1024x768.png\" alt=\"\" class=\"wp-image-1079\" srcset=\"https:\/\/lmj-stockage.com\/wp-content\/uploads\/2023\/09\/1-1024x768.png 1024w, https:\/\/lmj-stockage.com\/wp-content\/uploads\/2023\/09\/1-300x225.png 300w, https:\/\/lmj-stockage.com\/wp-content\/uploads\/2023\/09\/1-768x576.png 768w, https:\/\/lmj-stockage.com\/wp-content\/uploads\/2023\/09\/1-1536x1152.png 1536w, https:\/\/lmj-stockage.com\/wp-content\/uploads\/2023\/09\/1.png 2016w\" sizes=\"auto, (max-width: 1024px) 100vw, 1024px\" \/><\/figure>\n<\/figure>\n<\/div>\n<\/div>\n\n\n\n<div style=\"height:17px\" aria-hidden=\"true\" class=\"wp-block-spacer\"><\/div>\n\n\n\n<h2 class=\"wp-block-heading has-text-align-center has-ast-global-color-5-color has-text-color\" style=\"font-size:28px\"><em>La Soci\u00e9t\u00e9 LMJ situ\u00e9e \u00e0 Lespinasse en Haute-Garonne, propose des box de stockage aux <strong>particuliers<\/strong> et professionnels.<\/em><\/h2>\n<\/div><\/div>\n","protected":false},"excerpt":{"rendered":"","protected":false},"author":2,"featured_media":1079,"parent":0,"menu_order":0,"comment_status":"closed","ping_status":"closed","template":"","meta":{"site-sidebar-layout":"no-sidebar","site-content-layout":"plain-container","ast-global-header-display":"","ast-main-header-display":"","ast-hfb-above-header-display":"","ast-hfb-below-header-display":"","ast-hfb-mobile-header-display":"","site-post-title":"disabled","ast-breadcrumbs-content":"","ast-featured-img":"disabled","footer-sml-layout":"","theme-transparent-header-meta":"enabled","adv-header-id-meta":"","stick-header-meta":"","header-above-stick-meta":"","header-main-stick-meta":"","header-below-stick-meta":"","footnotes":""},"class_list":["post-523","page","type-page","status-publish","has-post-thumbnail","hentry"],"yoast_head":"<!-- This site is optimized with the Yoast SEO plugin v20.10 - https:\/\/yoast.com\/wordpress\/plugins\/seo\/ -->\n<title>LMJ - Box \u00e0 louer \u00e0 Lespinasse (31)<\/title>\n<meta name=\"description\" content=\"Location de box de stockage s\u00e9curis\u00e9s aux\u00a0particuliers\u00a0et professionnels. Garde-meubles \u00e0 Lespinasse, au Nord de Toulouse, accessible 24h\/24 - 7j\/7.\" \/>\n<meta name=\"robots\" content=\"index, follow, max-snippet:-1, max-image-preview:large, max-video-preview:-1\" \/>\n<link rel=\"canonical\" href=\"https:\/\/lmj-stockage.com\/\" \/>\n<meta property=\"og:locale\" content=\"fr_FR\" \/>\n<meta property=\"og:type\" content=\"article\" \/>\n<meta property=\"og:title\" content=\"LMJ - Box \u00e0 louer \u00e0 Lespinasse (31)\" \/>\n<meta property=\"og:description\" content=\"Location de box de stockage s\u00e9curis\u00e9s aux\u00a0particuliers\u00a0et professionnels. Garde-meubles \u00e0 Lespinasse, au Nord de Toulouse, accessible 24h\/24 - 7j\/7.\" \/>\n<meta property=\"og:url\" content=\"https:\/\/lmj-stockage.com\/\" \/>\n<meta property=\"og:site_name\" content=\"LMJ Stockage\" \/>\n<meta property=\"article:modified_time\" content=\"2024-10-10T07:58:41+00:00\" \/>\n<meta property=\"og:image\" content=\"https:\/\/lmj-stockage.com\/wp-content\/uploads\/2023\/09\/1-1024x768.png\" \/>\n\t<meta property=\"og:image:width\" content=\"1024\" \/>\n\t<meta property=\"og:image:height\" content=\"768\" \/>\n\t<meta property=\"og:image:type\" content=\"image\/png\" \/>\n<meta name=\"twitter:card\" content=\"summary_large_image\" \/>\n<meta name=\"twitter:label1\" content=\"Dur\u00e9e de lecture estim\u00e9e\" \/>\n\t<meta name=\"twitter:data1\" content=\"1 minute\" \/>\n<script type=\"application\/ld+json\" class=\"yoast-schema-graph\">{\"@context\":\"https:\/\/schema.org\",\"@graph\":[{\"@type\":\"WebPage\",\"@id\":\"https:\/\/lmj-stockage.com\/\",\"url\":\"https:\/\/lmj-stockage.com\/\",\"name\":\"LMJ - Box \u00e0 louer \u00e0 Lespinasse (31)\",\"isPartOf\":{\"@id\":\"https:\/\/lmj-stockage.com\/#website\"},\"datePublished\":\"2020-10-22T10:13:39+00:00\",\"dateModified\":\"2024-10-10T07:58:41+00:00\",\"description\":\"Location de box de stockage s\u00e9curis\u00e9s aux\u00a0particuliers\u00a0et professionnels. Garde-meubles \u00e0 Lespinasse, au Nord de Toulouse, accessible 24h\/24 - 7j\/7.\",\"breadcrumb\":{\"@id\":\"https:\/\/lmj-stockage.com\/#breadcrumb\"},\"inLanguage\":\"fr-FR\",\"potentialAction\":[{\"@type\":\"ReadAction\",\"target\":[\"https:\/\/lmj-stockage.com\/\"]}]},{\"@type\":\"BreadcrumbList\",\"@id\":\"https:\/\/lmj-stockage.com\/#breadcrumb\",\"itemListElement\":[{\"@type\":\"ListItem\",\"position\":1,\"name\":\"Accueil\",\"item\":\"https:\/\/lmj-stockage.com\/\"},{\"@type\":\"ListItem\",\"position\":2,\"name\":\"LMJ\"}]},{\"@type\":\"WebSite\",\"@id\":\"https:\/\/lmj-stockage.com\/#website\",\"url\":\"https:\/\/lmj-stockage.com\/\",\"name\":\"LMJ-Stockage\",\"description\":\"Location de box \u00e0 Lespinasse\",\"publisher\":{\"@id\":\"https:\/\/lmj-stockage.com\/#organization\"},\"alternateName\":\"location box\",\"potentialAction\":[{\"@type\":\"SearchAction\",\"target\":{\"@type\":\"EntryPoint\",\"urlTemplate\":\"https:\/\/lmj-stockage.com\/?s={search_term_string}\"},\"query-input\":\"required name=search_term_string\"}],\"inLanguage\":\"fr-FR\"},{\"@type\":\"Organization\",\"@id\":\"https:\/\/lmj-stockage.com\/#organization\",\"name\":\"LMJ\",\"alternateName\":\"location box 31\",\"url\":\"https:\/\/lmj-stockage.com\/\",\"logo\":{\"@type\":\"ImageObject\",\"inLanguage\":\"fr-FR\",\"@id\":\"https:\/\/lmj-stockage.com\/#\/schema\/logo\/image\/\",\"url\":\"https:\/\/lmj-stockage.com\/wp-content\/uploads\/2022\/09\/cropped-sssss-removebg-preview.png\",\"contentUrl\":\"https:\/\/lmj-stockage.com\/wp-content\/uploads\/2022\/09\/cropped-sssss-removebg-preview.png\",\"width\":716,\"height\":276,\"caption\":\"LMJ\"},\"image\":{\"@id\":\"https:\/\/lmj-stockage.com\/#\/schema\/logo\/image\/\"}}]}<\/script>\n<!-- \/ Yoast SEO plugin. -->","yoast_head_json":{"title":"LMJ - Box \u00e0 louer \u00e0 Lespinasse (31)","description":"Location de box de stockage s\u00e9curis\u00e9s aux\u00a0particuliers\u00a0et professionnels. Garde-meubles \u00e0 Lespinasse, au Nord de Toulouse, accessible 24h\/24 - 7j\/7.","robots":{"index":"index","follow":"follow","max-snippet":"max-snippet:-1","max-image-preview":"max-image-preview:large","max-video-preview":"max-video-preview:-1"},"canonical":"https:\/\/lmj-stockage.com\/","og_locale":"fr_FR","og_type":"article","og_title":"LMJ - Box \u00e0 louer \u00e0 Lespinasse (31)","og_description":"Location de box de stockage s\u00e9curis\u00e9s aux\u00a0particuliers\u00a0et professionnels. Garde-meubles \u00e0 Lespinasse, au Nord de Toulouse, accessible 24h\/24 - 7j\/7.","og_url":"https:\/\/lmj-stockage.com\/","og_site_name":"LMJ Stockage","article_modified_time":"2024-10-10T07:58:41+00:00","og_image":[{"width":1024,"height":768,"url":"https:\/\/lmj-stockage.com\/wp-content\/uploads\/2023\/09\/1-1024x768.png","type":"image\/png"}],"twitter_card":"summary_large_image","twitter_misc":{"Dur\u00e9e de lecture estim\u00e9e":"1 minute"},"schema":{"@context":"https:\/\/schema.org","@graph":[{"@type":"WebPage","@id":"https:\/\/lmj-stockage.com\/","url":"https:\/\/lmj-stockage.com\/","name":"LMJ - Box \u00e0 louer \u00e0 Lespinasse (31)","isPartOf":{"@id":"https:\/\/lmj-stockage.com\/#website"},"datePublished":"2020-10-22T10:13:39+00:00","dateModified":"2024-10-10T07:58:41+00:00","description":"Location de box de stockage s\u00e9curis\u00e9s aux\u00a0particuliers\u00a0et professionnels. Garde-meubles \u00e0 Lespinasse, au Nord de Toulouse, accessible 24h\/24 - 7j\/7.","breadcrumb":{"@id":"https:\/\/lmj-stockage.com\/#breadcrumb"},"inLanguage":"fr-FR","potentialAction":[{"@type":"ReadAction","target":["https:\/\/lmj-stockage.com\/"]}]},{"@type":"BreadcrumbList","@id":"https:\/\/lmj-stockage.com\/#breadcrumb","itemListElement":[{"@type":"ListItem","position":1,"name":"Accueil","item":"https:\/\/lmj-stockage.com\/"},{"@type":"ListItem","position":2,"name":"LMJ"}]},{"@type":"WebSite","@id":"https:\/\/lmj-stockage.com\/#website","url":"https:\/\/lmj-stockage.com\/","name":"LMJ-Stockage","description":"Location de box \u00e0 Lespinasse","publisher":{"@id":"https:\/\/lmj-stockage.com\/#organization"},"alternateName":"location box","potentialAction":[{"@type":"SearchAction","target":{"@type":"EntryPoint","urlTemplate":"https:\/\/lmj-stockage.com\/?s={search_term_string}"},"query-input":"required name=search_term_string"}],"inLanguage":"fr-FR"},{"@type":"Organization","@id":"https:\/\/lmj-stockage.com\/#organization","name":"LMJ","alternateName":"location box 31","url":"https:\/\/lmj-stockage.com\/","logo":{"@type":"ImageObject","inLanguage":"fr-FR","@id":"https:\/\/lmj-stockage.com\/#\/schema\/logo\/image\/","url":"https:\/\/lmj-stockage.com\/wp-content\/uploads\/2022\/09\/cropped-sssss-removebg-preview.png","contentUrl":"https:\/\/lmj-stockage.com\/wp-content\/uploads\/2022\/09\/cropped-sssss-removebg-preview.png","width":716,"height":276,"caption":"LMJ"},"image":{"@id":"https:\/\/lmj-stockage.com\/#\/schema\/logo\/image\/"}}]}},"_links":{"self":[{"href":"https:\/\/lmj-stockage.com\/index.php\/wp-json\/wp\/v2\/pages\/523","targetHints":{"allow":["GET"]}}],"collection":[{"href":"https:\/\/lmj-stockage.com\/index.php\/wp-json\/wp\/v2\/pages"}],"about":[{"href":"https:\/\/lmj-stockage.com\/index.php\/wp-json\/wp\/v2\/types\/page"}],"author":[{"embeddable":true,"href":"https:\/\/lmj-stockage.com\/index.php\/wp-json\/wp\/v2\/users\/2"}],"replies":[{"embeddable":true,"href":"https:\/\/lmj-stockage.com\/index.php\/wp-json\/wp\/v2\/comments?post=523"}],"version-history":[{"count":77,"href":"https:\/\/lmj-stockage.com\/index.php\/wp-json\/wp\/v2\/pages\/523\/revisions"}],"predecessor-version":[{"id":1106,"href":"https:\/\/lmj-stockage.com\/index.php\/wp-json\/wp\/v2\/pages\/523\/revisions\/1106"}],"wp:featuredmedia":[{"embeddable":true,"href":"https:\/\/lmj-stockage.com\/index.php\/wp-json\/wp\/v2\/media\/1079"}],"wp:attachment":[{"href":"https:\/\/lmj-stockage.com\/index.php\/wp-json\/wp\/v2\/media?parent=523"}],"curies":[{"name":"wp","href":"https:\/\/api.w.org\/{rel}","templated":true}]}}